{"id":52,"date":"2014-08-14T16:54:12","date_gmt":"2014-08-14T14:54:12","guid":{"rendered":"http:\/\/www.trialogbern.ch\/?page_id=52"},"modified":"2020-12-18T15:15:20","modified_gmt":"2020-12-18T13:15:20","slug":"trialoge-in-bern","status":"publish","type":"page","link":"https:\/\/www.trialogbern.ch\/","title":{"rendered":"Informationen"},"content":{"rendered":"<p><strong>Trialoge<\/strong><br \/>Auf diesen Seiten erfahren Sie N\u00e4heres zu den in Bern regelm\u00e4ssig stattfindenden Trialogen. Wenn Sie von einem Trialog wissen, der hier nicht aufgelistet ist, bitten wir um eine kurze <a href=\"mailto:christian.burr@upd.ch?subject=Trialog\">Nachricht<\/a>, dann kann der entsprechende Trialog hier erg\u00e4nzt werden.<\/p>\n<p><b>Was ist ein Trialog?<br \/><\/b>Trialog steht f\u00fcr den Austausch von Betroffenen, Angeh\u00f6rigen und Fachleuten der Psychiatrie. Es geht zun\u00e4chst um nichts Anderes als um das Aussprechen der eigenen Erfahrungen. Im Unterschied zu institutionellen Situationen, spricht hier jeder f\u00fcr sich. Sprechen, zuh\u00f6ren, und von einander lernen ist das Ziel.<\/p>\n<p><b>Welche Trialoge gibt es in Bern?<\/b><\/p>\n<ul>\n<li><a title=\"Psychose-Seminar\" href=\"http:\/\/www.trialogbern.ch\/?p=68\">Psychose Seminar Bern<\/a><\/li>\n<li><a title=\"Der Recovery-Trialog beginnt wieder!\" href=\"http:\/\/www.trialogbern.ch\/?p=75\">Trialog psychische Gesundheit<\/a><\/li>\n<li><a href=\"https:\/\/www.promentesana.ch\/de\/angebote\/trialog-schweiz\/trialogische-seminare\/borderline-trialog.html\">Borderline Trialog<\/a><\/li>\n<li><a href=\"http:\/\/www.trialogbern.ch\/trialogbern\/recovery-trialog\/wordpress\/wp-content\/uploads\/2017\/12\/Trialog_Flyer_2018.pdf\" target=\"_blank\" rel=\"noopener noreferrer\">Trialog in Interlaken (aktualisierte Termine 2018)<\/a><\/li>\n<li><a href=\"http:\/\/www.trialogbern.ch\/?p=180\">Neuroleptika Trialog<\/a><\/li>\n<\/ul>\n\n\n<p><\/p>\n","protected":false},"excerpt":{"rendered":"<p>TrialogeAuf diesen Seiten erfahren Sie N\u00e4heres zu den in Bern regelm\u00e4ssig stattfindenden Trialogen. Wenn Sie von einem Trialog wissen, der hier nicht aufgelistet ist, bitten wir um eine kurze Nachricht, dann kann der entsprechende Trialog hier erg\u00e4nzt werden. Was ist ein Trialog?Trialog steht f\u00fcr den Austausch von Betroffenen, Angeh\u00f6rigen und Fachleuten der Psychiatrie. Es geht &hellip; <a href=\"https:\/\/www.trialogbern.ch\/\" class=\"more-link\"><span class=\"screen-reader-text\">Informationen<\/span> weiterlesen <span class=\"meta-nav\">&rarr;<\/span><\/a><\/p>\n","protected":false},"author":3,"featured_media":0,"parent":0,"menu_order":0,"comment_status":"closed","ping_status":"closed","template":"","meta":{"twitterCardType":"","cardImageID":0,"cardImage":"","cardTitle":"","cardDesc":"","cardImageAlt":"","cardPlayer":"","cardPlayerWidth":0,"cardPlayerHeight":0,"cardPlayerStream":"","cardPlayerCodec":""},"_links":{"self":[{"href":"https:\/\/www.trialogbern.ch\/index.php?rest_route=\/wp\/v2\/pages\/52"}],"collection":[{"href":"https:\/\/www.trialogbern.ch\/index.php?rest_route=\/wp\/v2\/pages"}],"about":[{"href":"https:\/\/www.trialogbern.ch\/index.php?rest_route=\/wp\/v2\/types\/page"}],"author":[{"embeddable":true,"href":"https:\/\/www.trialogbern.ch\/index.php?rest_route=\/wp\/v2\/users\/3"}],"replies":[{"embeddable":true,"href":"https:\/\/www.trialogbern.ch\/index.php?rest_route=%2Fwp%2Fv2%2Fcomments&post=52"}],"version-history":[{"count":33,"href":"https:\/\/www.trialogbern.ch\/index.php?rest_route=\/wp\/v2\/pages\/52\/revisions"}],"predecessor-version":[{"id":508,"href":"https:\/\/www.trialogbern.ch\/index.php?rest_route=\/wp\/v2\/pages\/52\/revisions\/508"}],"wp:attachment":[{"href":"https:\/\/www.trialogbern.ch\/index.php?rest_route=%2Fwp%2Fv2%2Fmedia&parent=52"}],"curies":[{"name":"wp","href":"https:\/\/api.w.org\/{rel}","templated":true}]}}